{"id":157,"date":"2015-10-03T21:52:21","date_gmt":"2015-10-03T19:52:21","guid":{"rendered":"http:\/\/wico.no-ip.biz\/wordpress\/?page_id=157"},"modified":"2018-05-06T12:44:23","modified_gmt":"2018-05-06T11:44:23","slug":"impressum","status":"publish","type":"page","link":"https:\/\/www.pfadfinderburg.de\/en\/impressum\/","title":{"rendered":"Impressum"},"content":{"rendered":"<div class=\"impressum\">\n<h1 style=\"text-align: justify;\">Impressum<\/h1>\n<p style=\"text-align: justify;\">Angaben gem\u00e4\u00df \u00a7 5 TMG<\/p>\n<p style=\"text-align: justify;\">Pfadfinderheim Berlin-Brandenburg e.V.<br \/>\nZiekowstra\u00dfe 163<br \/>\n13509 Berlin<\/p>\n<p style=\"text-align: justify;\"><strong>Vertreten durch den 1. Vorsitzenden: <\/strong><br \/>\nDaniel Willkomm<\/p>\n<p style=\"text-align: justify;\"><strong>Registereintrag:<\/strong><br \/>\nEintragung im Registergericht: Berlin-Charlottenburg<br \/>\nRegisternummer: VR 5898 B<\/p>\n<p style=\"text-align: justify;\"><strong>Kontakt:<\/strong><br \/>\nTelefon: 030-434 10 75<br \/>\nE-Mail: <a href=\"mailto:info@pfadfinderburg.de\">info@pfadfinderburg.de<\/a><\/p>\n<p style=\"text-align: justify;\"><strong>Verantwortlich f\u00fcr den Inhalt nach \u00a7 55 Abs. 2 RStV:<\/strong><br \/>\nJohannes Wicovsky<br \/>\nZiekowstra\u00dfe 163<br \/>\n13509 Berlin<br \/>\nE-Mail: <a href=\"mailto:webmaster@pfadfinderburg.de\">webmaster@pfadfinderburg.de<\/a><\/p>\n<p><strong style=\"font-color: red;\">BITTE KEINE BUCHUNGSANFRAGEN ODER FRAGEN ZUR BURG AN DIESE EMAIL, DA DIESE NICHT BEANTWORTET WERDEN K\u00d6NNEN !!! ALLE FRAGEN \u00dcBER DAS KONTAKTFORMULAR ODER DEN EMAIL-BUTTON.  <\/strong><\/p>\n<p>Der Nutzung von im Rahmen der Impressumspflicht ver\u00f6ffentlichten Kontaktdaten durch Dritte zur \u00dcbersendung von nicht ausdr\u00fccklich angeforderter Werbung und Informationsmaterialien wird hiermit ausdr\u00fccklich widersprochen. Die Betreiber der Seiten behalten sich ausdr\u00fccklich rechtliche Schritte im Falle der unverlangten Zusendung von Werbeinformationen, etwa durch Spam-Mails, vor.<\/p>\n<h2 style=\"text-align: justify;\"><strong>Haftungsausschluss<\/strong><\/h2>\n<p style=\"text-align: justify;\"><strong>Haftung f\u00fcr Inhalte<\/strong><\/p>\n<p style=\"text-align: justify;\">Die Inhalte unserer Seiten wurden mit gr\u00f6\u00dfter Sorgfalt erstellt. F\u00fcr die Richtigkeit, Vollst\u00e4ndigkeit und Aktualit\u00e4t der Inhalte k\u00f6nnen wir jedoch keine Gew\u00e4hr \u00fcbernehmen. Als Diensteanbieter sind wir gem\u00e4\u00df \u00a7 7 Abs.1 TMG f\u00fcr eigene Inhalte auf diesen Seiten nach den allgemeinen Gesetzen verantwortlich. Nach \u00a7\u00a7 8 bis 10 TMG sind wir als Diensteanbieter jedoch nicht verpflichtet, \u00fcbermittelte oder gespeicherte fremde Informationen zu \u00fcberwachen oder nach Umst\u00e4nden zu forschen, die auf eine rechtswidrige T\u00e4tigkeit hinweisen. Verpflichtungen zur Entfernung oder Sperrung der Nutzung von Informationen nach den allgemeinen Gesetzen bleiben hiervon unber\u00fchrt. Eine diesbez\u00fcgliche Haftung ist jedoch erst ab dem Zeitpunkt der Kenntnis einer konkreten Rechtsverletzung m\u00f6glich. Bei Bekanntwerden von entsprechenden Rechtsverletzungen werden wir diese Inhalte umgehend entfernen.<\/p>\n<p style=\"text-align: justify;\"><strong>Haftung f\u00fcr Links<\/strong><\/p>\n<p style=\"text-align: justify;\">Unser Angebot enth\u00e4lt Links zu externen Webseiten Dritter, auf deren Inhalte wir keinen Einfluss haben. Deshalb k\u00f6nnen wir f\u00fcr diese fremden Inhalte auch keine Gew\u00e4hr \u00fcbernehmen. F\u00fcr die Inhalte der verlinkten Seiten ist stets der jeweilige Anbieter oder Betreiber der Seiten verantwortlich. Die verlinkten Seiten wurden zum Zeitpunkt der Verlinkung auf m\u00f6gliche Rechtsverst\u00f6\u00dfe \u00fcberpr\u00fcft. Rechtswidrige Inhalte waren zum Zeitpunkt der Verlinkung nicht erkennbar. Eine permanente inhaltliche Kontrolle der verlinkten Seiten ist jedoch ohne konkrete Anhaltspunkte einer Rechtsverletzung nicht zumutbar. Bei Bekanntwerden von Rechtsverletzungen werden wir derartige Links umgehend entfernen.<\/p>\n<p style=\"text-align: justify;\"><strong>Urheberrecht<\/strong><\/p>\n<p style=\"text-align: justify;\">Die durch die Seitenbetreiber erstellten Inhalte und Werke auf diesen Seiten unterliegen dem deutschen Urheberrecht. Die Vervielf\u00e4ltigung, Bearbeitung, Verbreitung und jede Art der Verwertung au\u00dferhalb der Grenzen des Urheberrechtes bed\u00fcrfen der schriftlichen Zustimmung des jeweiligen Autors bzw. Erstellers. Downloads und Kopien dieser Seite sind nur f\u00fcr den privaten, nicht kommerziellen Gebrauch gestattet. Soweit die Inhalte auf dieser Seite nicht vom Betreiber erstellt wurden, werden die Urheberrechte Dritter beachtet. Insbesondere werden Inhalte Dritter als solche gekennzeichnet. Sollten Sie trotzdem auf eine Urheberrechtsverletzung aufmerksam werden, bitten wir um einen entsprechenden Hinweis. Bei Bekanntwerden von Rechtsverletzungen werden wir derartige Inhalte umgehend entfernen.<\/p>\n<h2 style=\"text-align: justify;\"><strong>Datenschutzerkl\u00e4rung<\/strong><\/h2>\n<p style=\"text-align: justify;\"><strong>Verantwortlicher im Sinne der DSGVO ist:<\/strong><\/p>\n<p>Johannes Wicovsky<br \/>\nZiekowstra\u00dfe 163<br \/>\n13509 Berlin<br \/>\nE-Mail: <a href=\"mailto:webmaster@pfadfinderburg.de\">webmaster@pfadfinderburg.de<\/a><\/p>\n<p style=\"text-align: justify;\"><strong>Allgemeines zur Datenverarbeitung<\/strong><\/p>\n<p>Wir verarbeiten personenbezogene Daten grunds\u00e4tzlich nur, soweit dies zur Bereitstellung einer funktionsf\u00e4higen Website sowie unserer Inhalte erforderlich ist. Die Verarbeitung personenbezogener Daten erfolgt regelm\u00e4\u00dfig nur nach Einwilligung des Nutzers.<br \/>\nSoweit f\u00fcr Verarbeitungsvorg\u00e4nge personenbezogener Daten eine Einwilligung notwendig ist, dient Art. 6 Abs. 1 lit. a EU-Datenschutzgrundverordnung (DSGVO) als Rechtsgrundlage. Ist die Verarbeitung zur Wahrung eines berechtigten Interesses unsererseits oder eines Dritten erforderlich und \u00fcberwiegen Ihre Interessen, Grundrechte und Grundfreiheiten das erstgenannte Interesse nicht, so dient Art. 6 Abs. 1 lit. f DSGVO als Rechtsgrundlage f\u00fcr die Verarbeitung.<br \/>\nPersonenbezogene Daten werden gel\u00f6scht, sobald der Zweck der Speicherung entf\u00e4llt. Eine Speicherung kann dar\u00fcber hinaus erfolgen, wenn dies durch den europ\u00e4ischen oder nationalen Gesetzgeber in unionsrechtlichen Verordnungen, Gesetzen oder sonstigen Vorschriften, denen wir unterliegen, vorgesehen wurde. Eine L\u00f6schung der Daten erfolgt auch dann, wenn eine durch die genannten Normen vorgeschriebene Speicherfrist abl\u00e4uft.<\/p>\n<p style=\"text-align: justify;\"><strong>Bereitstellung der Website und Erstellung von Logfiles<\/strong><\/p>\n<p>Bei jedem Aufruf unserer Internetseite erfasst unser System automatisiert Daten und Informationen (Browsertyp \/ verwendete Version, Betriebssystem, IP-Adresse, Datum und Uhrzeit des Zugriffs, Websites, von denen auf unsere Internetseite gelangt wurde, Websites, die \u00fcber unsere Website aufgerufen werden) vom Computersystem des aufrufenden Rechners. Die Daten werden in den Logfiles unseres Systems gespeichert. Eine Speicherung dieser Daten zusammen mit anderen personenbezogenen Daten des Nutzers findet nicht statt. Rechtsgrundlage f\u00fcr die vor\u00fcbergehende Speicherung der Daten und der Logfiles ist Art. 6 Abs. 1 lit. f DSGVO.<br \/>\nDie vor\u00fcbergehende Speicherung der IP-Adresse durch das System ist notwendig, um eine Auslieferung der Website an den Rechner des Nutzers zu erm\u00f6glichen. Hierf\u00fcr muss die IP-Adresse f\u00fcr die Dauer der Sitzung gespeichert bleiben. Die Speicherung in Logfiles erfolgt, um die Funktionsf\u00e4higkeit der Website sicherzustellen. Zudem dienen uns die Daten zur Optimierung der Website und zur Sicherstellung der Sicherheit unserer informationstechnischen Systeme. In diesen Zwecken liegt auch unser berechtigtes Interesse an der Datenverarbeitung nach Art. 6 Abs. 1 lit. f DSGVO.<br \/>\nDie Daten werden gel\u00f6scht, sobald sie f\u00fcr die Erreichung des Zweckes ihrer Erhebung nicht mehr erforderlich sind. Im Falle der Erfassung der Daten zur Bereitstellung der Website ist dies der Fall, wenn die jeweilige Sitzung beendet ist. Im Falle der Speicherung der Daten in Logfiles ist dies nach sp\u00e4testens sieben Tagen der Fall. Eine dar\u00fcberhinausgehende Speicherung ist m\u00f6glich. In diesem Fall werden die IP-Adressen der Nutzer gel\u00f6scht oder anonymisiert.<br \/>\nDie Erfassung der Daten zur Bereitstellung der Website und die Speicherung der Daten in Logfiles ist f\u00fcr den Betrieb der Internetseite zwingend erforderlich. Es besteht folglich keine Widerspruchsm\u00f6glichkeit.<\/p>\n<p style=\"text-align: justify;\"><strong>Kontaktaufnahme<\/strong><\/p>\n<p>Auf unserer Internetseite ist ein Kontaktformular vorhanden, welches f\u00fcr die elektronische Kontaktaufnahme genutzt werden kann. Nehmen Sie diese M\u00f6glichkeit wahr, so werden die in der Eingabemaske eingegeben Daten (Name, E-Mail-Adresse, Betreff, Nachricht) an uns \u00fcbermittelt und gespeichert.<br \/>\nMit dem Senden der Kontaktanfrage willigen Sie in die Verarbeitung der personenbezogenen Daten, unter Kenntnis dieser Datenschutzerkl\u00e4rung, ein. Alternativ ist eine Kontaktaufnahme \u00fcber die bereitgestellte E-Mail-Adresse m\u00f6glich. In diesem Fall werden die mit der E-Mail \u00fcbermittelten personenbezogenen Daten des Nutzers gespeichert. Die Daten werden ausschlie\u00dflich f\u00fcr die Verarbeitung der Konversation verwendet. Rechtsgrundlage f\u00fcr die Verarbeitung dieser Daten ist eine Einwilligung (Art. 6 Abs. 1 lit. a DSGVO) beziehungsweise bei \u00dcbersendung einer E-Mail Art. 6 Abs. 1 lit. f DSGVO.<br \/>\nDie Verarbeitung der personenbezogenen Daten aus der Eingabemaske dient uns allein zur Bearbeitung der Kontaktaufnahme. Im Falle einer Kontaktaufnahme per E-Mail liegt hieran auch das erforderliche berechtigte Interesse an der Verarbeitung der Daten.<br \/>\nDie sonstigen w\u00e4hrend des Sendevorgangs verarbeiteten personenbezogenen Daten dienen dazu, einen Missbrauch des Kontaktformulars zu verhindern und die Sicherheit unserer informationstechnischen Systeme sicherzustellen.<br \/>\nDie Daten werden gel\u00f6scht, sobald sie f\u00fcr die Erreichung des Zweckes ihrer Erhebung nicht mehr erforderlich sind. F\u00fcr die personenbezogenen Daten aus der Eingabemaske des Kontaktformulars und diejenigen, die per E-Mail \u00fcbersandt wurden, ist dies dann der Fall, wenn die jeweilige Konversation mit dem Nutzer beendet ist. Beendet ist die Konversation dann, wenn sich aus den Umst\u00e4nden entnehmen l\u00e4sst, dass der betroffene Sachverhalt abschlie\u00dfend gekl\u00e4rt ist.<br \/>\nSie haben jederzeit die M\u00f6glichkeit, Ihre Einwilligung zur Verarbeitung der personenbezogenen Daten zu widerrufen. In einem solchen Fall kann die Konversation nicht fortgef\u00fchrt werden. Alle personenbezogenen Daten, die im Zuge der Kontaktaufnahme gespeichert wurden, werden in diesem Fall gel\u00f6scht.<\/p>\n<p style=\"text-align: justify;\"><strong>Cookies<\/strong><\/p>\n<p>Wir setzen auf unserer Homepage sogenannte Cookies ein. Cookies sind Datenpakete, die Ihr Browser auf unsere Veranlassung in Ihrem Endger\u00e4t speichert. Dabei werden zwei Arten von Cookies unterschieden: tempor\u00e4re, sogenannte Session-Cookies, und persistente Cookies.<br \/>\nSession-Cookies werden automatisiert gel\u00f6scht, wenn Sie den Browser schlie\u00dfen. Diese speichern eine sogenannte Session-ID, mit welcher sich verschiedene Anfragen Ihres Browsers der gemeinsamen Sitzung zuordnen lassen. Dadurch kann Ihr Rechner wiedererkannt werden, wenn Sie auf unsere Website zur\u00fcckkehren. Der Einsatz von Session Cookies ist erforderlich, damit wir Ihnen die Webseite zur Verf\u00fcgung stellen k\u00f6nnen. Die Rechtsgrundlage f\u00fcr die Verarbeitung Ihrer personenbezogenen Daten unter Verwendung von Session-Cookies ist Art. 6 Abs. 1 lit. f DSGVO.<br \/>\nPersistente Cookies werden automatisiert nach einer vorgegebenen Dauer gel\u00f6scht, die sich je nach Cookie unterscheiden kann. Sie k\u00f6nnen die Cookies in den Sicherheitseinstellungen Ihres Browsers jederzeit l\u00f6schen.<br \/>\nDiese Seite nutzt das persistente Cookie &#8216;qtrans_front_language&#8217; zum Merken der vom Nutzer gew\u00e4hlten Sprachvariante. <br \/>\nSie k\u00f6nnen Ihren Internetbrowser so einstellen, dass unsere Cookies nicht auf Ihrem Endger\u00e4t ablegt werden k\u00f6nnen oder bereits abgelegte Cookies gel\u00f6scht werden. Wenn Sie keine Cookies akzeptieren, kann dies zu Einschr\u00e4nkungen der Funktion der Internetseiten f\u00fchren.<\/p>\n<p style=\"text-align: justify;\"><strong>Nutzung des Google Maps Plugin<\/strong><\/p>\n<p>Wir setzen auf unserer Webseite ein Plugin des Internetdienstes Google Maps ein. Betreiber von Google Maps ist Google Inc., ans\u00e4ssig in den USA, CA 94043, 1600 Amphitheatre Parkway, Mountain View. Indem Sie Google Maps auf unserer Webseite nutzen, werden Informationen \u00fcber die Nutzung dieser Webseite und Ihre IP-Adresse an einen Google-Server in den USA \u00fcbermittelt und auch auf diesem Server gespeichert. Wir haben keine Kenntnis \u00fcber den genauen Inhalt der \u00fcbermittelten Daten, noch \u00fcber ihre Nutzung durch Google. Das Unternehmen verneint in diesem Kontext die Verbindung der Daten mit Informationen aus anderen Google-Diensten und die Erfassung personenbezogener Daten. Allerdings kann Google die Informationen an Dritte \u00fcbermitteln. Wenn Sie Javascript in Ihrem Browser deaktivieren, verhindern Sie die Ausf\u00fchrung von Google Maps. Sie k\u00f6nnen dann aber auch keine Kartenanzeige auf unserer Webseite nutzen. Mit der Nutzung unserer Webseite erkl\u00e4ren Sie Ihr Einverst\u00e4ndnis mit der beschriebenen Erfassung und Verarbeitung der Informationen durch Google Inc. N\u00e4heres zu den Datenschutzbestimmungen und Nutzungsbedingungen f\u00fcr Google Maps erfahren Sie hier: <a href=\"https:\/\/www.google.com\/intl\/de_DE\/help\/terms_maps.html\">https:\/\/www.google.com\/intl\/de_DE\/help\/terms_maps.html<\/a><\/p>\n<p style=\"text-align: justify;\"><strong>Hosting der Webseite<\/strong><\/p>\n<p>Dieser Internetauftritt wird auf Servern der 1blu AG in Deutschland gehostet. Bez\u00fcglich weiterer Informationen verweisen wir auf die Webseiten der 1blu AG.<\/p>\n<h3>Rechte der Betroffenen<\/h3>\n<p>Werden von Ihnen personenbezogene Daten verarbeitet, sind Sie Betroffener im Sinne der. DSGVO und es stehen Ihnen die im weiteren beschrieben Rechte uns gegen\u00fcber zu. Richten Sie Ihr Verlangen bitte, am besten per E-Mail, an den o.g. Verantwortlichen.<\/p>\n<p><strong>Auskunft:<\/strong> Sie haben das Recht, jederzeit von uns unentgeltliche Auskunft sowie Best\u00e4tigung \u00fcber die zu Ihrer Person gespeicherten personenbezogenen Daten und eine Kopie dieser Auskunft zu erhalten.<\/p>\n<p><strong>Berichtigung:<\/strong> Sie haben das Recht auf Berichtigung und\/oder Vervollst\u00e4ndigung, sofern die verarbeiteten personenbezogenen Daten, die Sie betreffen, unrichtig oder unvollst\u00e4ndig sind.<\/p>\n<p><strong>Einschr\u00e4nkung der Verarbeitung:<\/strong> Sie haben das Recht die Einschr\u00e4nkung der Verarbeitung zu verlangen, wenn eine der folgenden Voraussetzungen gegeben ist:<\/p>\n<ul>\n<li>Die Richtigkeit der personenbezogenen Daten wird von Ihnen bestritten, und zwar f\u00fcr eine Dauer, die es uns erm\u00f6glicht, die Richtigkeit der personenbezogenen Daten zu \u00fcberpr\u00fcfen. <\/li>\n<li>Die Verarbeitung ist unrechtm\u00e4\u00dfig, Sie lehnen die L\u00f6schung der personenbezogenen Daten ab und verlangen stattdessen die Einschr\u00e4nkung der Nutzung der personenbezogenen Daten. <\/li>\n<li>Wir ben\u00f6tigen die personenbezogenen Daten f\u00fcr die Zwecke der Verarbeitung nicht l\u00e4nger, Sie ben\u00f6tigen sie jedoch zur Geltendmachung, Aus\u00fcbung oder Verteidigung von Rechtsanspr\u00fcchen. <\/li>\n<li>Sie haben Widerspruch gegen die Verarbeitung gem. Art. 21 Abs. 1 DSGVO eingelegt und es steht noch nicht fest, ob unsere berechtigten Gr\u00fcnde gegen\u00fcber Ihren \u00fcberwiegen. <\/li>\n<\/ul>\n<p><strong>L\u00f6schung:<\/strong> Sie haben das Recht, dass die sie betreffenden personenbezogenen Daten unverz\u00fcglich gel\u00f6scht werden, sofern einer der folgenden Gr\u00fcnde zutrifft und soweit die Verarbeitung nicht erforderlich ist:<\/p>\n<ul>\n<li>Die personenbezogenen Daten wurden f\u00fcr solche Zwecke erhoben oder auf sonstige Weise verarbeitet, f\u00fcr welche sie nicht mehr notwendig sind. <\/li>\n<li>Sie widerrufen ihre Einwilligung, auf die sich die Verarbeitung st\u00fctzte und es fehlt an einer anderweitigen Rechtsgrundlage f\u00fcr die Verarbeitung. <\/li>\n<li>Sie legen gem\u00e4\u00df Art. 21 Abs. 1 DSGVO Widerspruch gegen die Verarbeitung ein, und es liegen keine vorrangigen berechtigten Gr\u00fcnde f\u00fcr die Verarbeitung vor, oder Sie legen gem\u00e4\u00df Art. 21 Abs. 2 DSGVO Widerspruch gegen die Verarbeitung ein. <\/li>\n<li>Die personenbezogenen Daten wurden unrechtm\u00e4\u00dfig verarbeitet. <\/li>\n<li>Die L\u00f6schung der personenbezogenen Daten ist zur Erf\u00fcllung einer rechtlichen Verpflichtung nach dem Unionsrecht oder dem Recht der Mitgliedstaaten erforderlich, dem wir unterliegen. <\/li>\n<li>Die personenbezogenen Daten wurden in Bezug auf angebotene Dienste der Informationsgesellschaft gem\u00e4\u00df Art. 8 Abs. 1 DSGVO erhoben. <\/li>\n<\/ul>\n<p><strong>Daten\u00fcbertragbarkeit:<\/strong> Sie haben das Recht, die Sie betreffenden personenbezogenen Daten, die Sie dem Verantwortlichen bereitgestellt haben, in einem strukturierten, g\u00e4ngigen und maschinenlesbaren Format zu erhalten. Au\u00dferdem haben Sie das Recht diese Daten einem anderen Verantwortlichen ohne Behinderung durch den Verantwortlichen, dem die personenbezogenen Daten bereitgestellt wurden, zu \u00fcbermitteln. In Aus\u00fcbung dieses Rechts haben Sie ferner das Recht, zu erwirken, dass die Sie betreffenden personenbezogenen Daten direkt von uns einem anderen Verantwortlichen \u00fcbermittelt werden, soweit dies technisch machbar ist. Freiheiten und Rechte anderer Personen d\u00fcrfen hierdurch nicht beeintr\u00e4chtigt werden.<\/p>\n<p><strong>Widerspruch:<\/strong> Sie haben das Recht, jederzeit gegen die Verarbeitung Sie betreffender personenbezogener Daten, die aufgrund von Art. 6 Abs. 1 lit. f DSGVO erfolgt, Widerspruch einzulegen. Wir verarbeiten die personenbezogenen Daten im Falle des Widerspruchs nicht mehr, es sei denn, wir k\u00f6nnen zwingende schutzw\u00fcrdige Gr\u00fcnde f\u00fcr die Verarbeitung nachweisen, die gegen\u00fcber Ihren Interessen, Rechten und Freiheiten \u00fcberwiegen, oder die Verarbeitung dient der Geltendmachung, Aus\u00fcbung oder Verteidigung von Rechtsanspr\u00fcchen.<\/p>\n<p><strong>Widerruf der Einwilligung:<\/strong> Sie haben das Recht, Ihre datenschutzrechtliche Einwilligungserkl\u00e4rung jederzeit zu widerrufen. Durch den Widerruf der Einwilligung wird die Rechtm\u00e4\u00dfigkeit der aufgrund der Einwilligung bis zum Widerruf erfolgten Verarbeitung nicht ber\u00fchrt.<\/p>\n<h3>Recht auf Beschwerde bei einer Aufsichtsbeh\u00f6rde<\/h3>\n<p>Unbeschadet eines anderweitigen verwaltungsrechtlichen oder gerichtlichen Rechtsbehelfs steht Ihnen das Recht auf Beschwerde bei einer Aufsichtsbeh\u00f6rde, insbesondere in dem Mitgliedstaat ihres Aufenthaltsorts, zu, wenn Sie der Ansicht sind, dass die Verarbeitung der Sie betreffenden personenbezogenen Daten gegen die DSGVO verst\u00f6\u00dft.<br \/>\nDie f\u00fcr den Betreiber dieser Seite zust\u00e4nde Datenschutzaufsichtsbeh\u00f6rde ist:<\/p>\n<p>Berliner Beauftragte f\u00fcr Datenschutz und Informationsfreiheit, Friedrichstr. 219, 10969 Berlin, Tel.: 030\/13889-0, E-Mail: mailbox{at}datenschutz-berlin.de<\/p>\n<\/div>\n","protected":false},"excerpt":{"rendered":"<p>Impressum Angaben gem\u00e4\u00df \u00a7 5 TMG Pfadfinderheim Berlin-Brandenburg e.V. Ziekowstra\u00dfe 163 13509 Berlin Vertreten durch den 1. Vorsitzenden: Daniel Willkomm Registereintrag: Eintragung im Registergericht: Berlin-Charlottenburg&#8230;<\/p>\n<div class=\"more-link-wrapper\"><a class=\"more-link\" href=\"https:\/\/www.pfadfinderburg.de\/en\/impressum\/\">Continue reading<span class=\"screen-reader-text\">Impressum<\/span><\/a><\/div>\n","protected":false},"author":2,"featured_media":0,"parent":0,"menu_order":0,"comment_status":"closed","ping_status":"closed","template":"","meta":{"footnotes":""},"class_list":["post-157","page","type-page","status-publish","hentry","entry"],"_links":{"self":[{"href":"https:\/\/www.pfadfinderburg.de\/en\/wp-json\/wp\/v2\/pages\/157","targetHints":{"allow":["GET"]}}],"collection":[{"href":"https:\/\/www.pfadfinderburg.de\/en\/wp-json\/wp\/v2\/pages"}],"about":[{"href":"https:\/\/www.pfadfinderburg.de\/en\/wp-json\/wp\/v2\/types\/page"}],"author":[{"embeddable":true,"href":"https:\/\/www.pfadfinderburg.de\/en\/wp-json\/wp\/v2\/users\/2"}],"replies":[{"embeddable":true,"href":"https:\/\/www.pfadfinderburg.de\/en\/wp-json\/wp\/v2\/comments?post=157"}],"version-history":[{"count":7,"href":"https:\/\/www.pfadfinderburg.de\/en\/wp-json\/wp\/v2\/pages\/157\/revisions"}],"predecessor-version":[{"id":638,"href":"https:\/\/www.pfadfinderburg.de\/en\/wp-json\/wp\/v2\/pages\/157\/revisions\/638"}],"wp:attachment":[{"href":"https:\/\/www.pfadfinderburg.de\/en\/wp-json\/wp\/v2\/media?parent=157"}],"curies":[{"name":"wp","href":"https:\/\/api.w.org\/{rel}","templated":true}]}}